{"id":39,"date":"2023-07-27T03:13:34","date_gmt":"2023-07-27T01:13:34","guid":{"rendered":"https:\/\/kancelariajp.pl\/?p=10\/?page_id=39"},"modified":"2023-07-27T03:13:35","modified_gmt":"2023-07-27T01:13:35","slug":"przydatne-linki","status":"publish","type":"page","link":"https:\/\/kancelariajp.pl\/?page_id=39","title":{"rendered":"Przydatne linki"},"content":{"rendered":"\n<p>Rejestr Adwokat\u00f3w: http:\/\/www.rejestradwokatow.pl\/Kraiaa<br>Rejestr Radc\u00f3w Prawnych: http:\/\/www.kirp.pl\/Wyszukiwarka-Radcow<br>Rejestr Notariuszy: www.notariusze.waw.pl<\/p>\n\n\n\n<p><br>S\u0105dy powszechne:<br>S\u0105d Najwy\u017cszy: www.sn.pl<br>S\u0105d Apelacyjny w Warszawie http:\/\/www.waw.sa.gov.pl\/<br>S\u0105d Okr\u0119gowy w Warszawie http:\/\/warszawa.so.gov.pl\/<br>S\u0105d Okr\u0119gowy Warszawa Praga w Warszawie http:\/\/www.warszawapraga.so.gov.pl\/<br><strong>S\u0105d Rejonowy dla Warszawy-Mokotowa w Warszawie<\/strong>\u00a0 http:\/\/warszawa.so.gov.pl\/sad-rejonowy-<br>dla-warszawy-mokotowa.html<\/p>\n\n\n\n<p><strong><br>S\u0105d Rejonowy dla miasta sto\u0142ecznego Warszawy w Warszawie<\/strong> http:\/\/warszawa.so.gov.pl\/sad-<br>rejonowy-dla-m-st-warszawy.html<\/p>\n\n\n\n<p><br><strong>S\u0105d Rejonowy dla Warszawy-\u015ar\u00f3dmie\u015bcia w Warszawie<\/strong> http:\/\/warszawa.so.gov.pl\/sad-rejonowy-<br>dla-warszawy-srodmiescia.html<\/p>\n\n\n\n<p><br><strong>S\u0105d Rejonowy dla Warszawy-Woli w Warszawie<\/strong>\u00a0 http:\/\/warszawa.so.gov.pl\/sad-rejonowy-dla-<br>warszawy-woli.html<\/p>\n\n\n\n<p><strong><br>S\u0105d Rejonowy dla Warszawy-\u017boliborza w Warszawie<\/strong>\u00a0 http:\/\/warszawa.so.gov.pl\/sad-rejonowy-dla-<br>warszawy-zoliborza.html<\/p>\n\n\n\n<p><br><strong>S\u0105d Rejonowy dla Warszawy Pragi \u2013 Po\u0142udnie<\/strong> http:\/\/www.warszawa-pragapoludnie.sr.gov.pl\/<\/p>\n\n\n\n<p><strong><br>S\u0105d Rejonowy dla Warszawy Pragi &#8211; P\u00f3\u0142noc w Warszawie<\/strong> http:\/\/www.bip.warszawapraga-pln.sr.gov.pl\/bip\/<\/p>\n\n\n\n<p><br><strong>Post\u0119powanie elektroniczne<\/strong><br>https:\/\/www.e-sad.gov.pl<\/p>\n\n\n\n<p><strong>Ministerstwa:<\/strong><br>Ministerstwo Sprawiedliwo\u015bci www.ms.gov.pl<br><strong>Rzecznicy:<\/strong><br>Rzecznik Praw Obywatelskich www.rpo.gov.pl<br>Rzecznik Praw Dziecka: www.rpd.gov.pl<\/p>\n","protected":false},"excerpt":{"rendered":"<p>Rejestr Adwokat\u00f3w: http:\/\/www.rejestradwokatow.pl\/KraiaaRejestr Radc\u00f3w Prawnych: http:\/\/www.kirp.pl\/Wyszukiwarka-RadcowRejestr Notariuszy: www.notariusze.waw.pl S\u0105dy powszechne:S\u0105d Najwy\u017cszy: www.sn.plS\u0105d Apelacyjny w Warszawie http:\/\/www.waw.sa.gov.pl\/S\u0105d Okr\u0119gowy w Warszawie http:\/\/warszawa.so.gov.pl\/S\u0105d Okr\u0119gowy Warszawa Praga w Warszawie http:\/\/www.warszawapraga.so.gov.pl\/S\u0105d Rejonowy dla Warszawy-Mokotowa w Warszawie\u00a0 http:\/\/warszawa.so.gov.pl\/sad-rejonowy-dla-warszawy-mokotowa.html S\u0105d Rejonowy dla miasta sto\u0142ecznego Warszawy w Warszawie http:\/\/warszawa.so.gov.pl\/sad-rejonowy-dla-m-st-warszawy.html S\u0105d Rejonowy dla Warszawy-\u015ar\u00f3dmie\u015bcia w Warszawie http:\/\/warszawa.so.gov.pl\/sad-rejonowy-dla-warszawy-srodmiescia.html S\u0105d Rejonowy dla Warszawy-Woli w Warszawie\u00a0 http:\/\/warszawa.so.gov.pl\/sad-rejonowy-dla-warszawy-woli.html [&hellip;]<\/p>\n","protected":false},"author":1,"featured_media":0,"parent":0,"menu_order":0,"comment_status":"closed","ping_status":"closed","template":"","meta":{"footnotes":""},"class_list":["post-39","page","type-page","status-publish","hentry"],"yoast_head":"<!-- This site is optimized with the Yoast SEO plugin v27.4 - https:\/\/yoast.com\/product\/yoast-seo-wordpress\/ -->\n<title>Przydatne linki - Kancelaria Radcy Prawnego Anna Ponenta<\/title>\n<meta name=\"robots\" content=\"index, follow, max-snippet:-1, max-image-preview:large, max-video-preview:-1\" \/>\n<link rel=\"canonical\" href=\"https:\/\/kancelariajp.pl\/?page_id=39\" \/>\n<meta property=\"og:locale\" content=\"pl_PL\" \/>\n<meta property=\"og:type\" content=\"article\" \/>\n<meta property=\"og:title\" content=\"Przydatne linki - Kancelaria Radcy Prawnego Anna Ponenta\" \/>\n<meta property=\"og:description\" content=\"Rejestr Adwokat\u00f3w: http:\/\/www.rejestradwokatow.pl\/KraiaaRejestr Radc\u00f3w Prawnych: http:\/\/www.kirp.pl\/Wyszukiwarka-RadcowRejestr Notariuszy: www.notariusze.waw.pl S\u0105dy powszechne:S\u0105d Najwy\u017cszy: www.sn.plS\u0105d Apelacyjny w Warszawie http:\/\/www.waw.sa.gov.pl\/S\u0105d Okr\u0119gowy w Warszawie http:\/\/warszawa.so.gov.pl\/S\u0105d Okr\u0119gowy Warszawa Praga w Warszawie http:\/\/www.warszawapraga.so.gov.pl\/S\u0105d Rejonowy dla Warszawy-Mokotowa w Warszawie\u00a0 http:\/\/warszawa.so.gov.pl\/sad-rejonowy-dla-warszawy-mokotowa.html S\u0105d Rejonowy dla miasta sto\u0142ecznego Warszawy w Warszawie http:\/\/warszawa.so.gov.pl\/sad-rejonowy-dla-m-st-warszawy.html S\u0105d Rejonowy dla Warszawy-\u015ar\u00f3dmie\u015bcia w Warszawie http:\/\/warszawa.so.gov.pl\/sad-rejonowy-dla-warszawy-srodmiescia.html S\u0105d Rejonowy dla Warszawy-Woli w Warszawie\u00a0 http:\/\/warszawa.so.gov.pl\/sad-rejonowy-dla-warszawy-woli.html [&hellip;]\" \/>\n<meta property=\"og:url\" content=\"https:\/\/kancelariajp.pl\/?page_id=39\" \/>\n<meta property=\"og:site_name\" content=\"Kancelaria Radcy Prawnego Anna Ponenta\" \/>\n<meta property=\"article:modified_time\" content=\"2023-07-27T01:13:35+00:00\" \/>\n<meta name=\"twitter:card\" content=\"summary_large_image\" \/>\n<meta name=\"twitter:label1\" content=\"Szacowany czas czytania\" \/>\n\t<meta name=\"twitter:data1\" content=\"1 minuta\" \/>\n<script type=\"application\/ld+json\" class=\"yoast-schema-graph\">{\"@context\":\"https:\\\/\\\/schema.org\",\"@graph\":[{\"@type\":\"WebPage\",\"@id\":\"https:\\\/\\\/kancelariajp.pl\\\/?page_id=39\",\"url\":\"https:\\\/\\\/kancelariajp.pl\\\/?page_id=39\",\"name\":\"Przydatne linki - Kancelaria Radcy Prawnego Anna Ponenta\",\"isPartOf\":{\"@id\":\"https:\\\/\\\/kancelariajp.pl\\\/#website\"},\"datePublished\":\"2023-07-27T01:13:34+00:00\",\"dateModified\":\"2023-07-27T01:13:35+00:00\",\"breadcrumb\":{\"@id\":\"https:\\\/\\\/kancelariajp.pl\\\/?page_id=39#breadcrumb\"},\"inLanguage\":\"pl-PL\",\"potentialAction\":[{\"@type\":\"ReadAction\",\"target\":[\"https:\\\/\\\/kancelariajp.pl\\\/?page_id=39\"]}]},{\"@type\":\"BreadcrumbList\",\"@id\":\"https:\\\/\\\/kancelariajp.pl\\\/?page_id=39#breadcrumb\",\"itemListElement\":[{\"@type\":\"ListItem\",\"position\":1,\"name\":\"Home\",\"item\":\"https:\\\/\\\/kancelariajp.pl\\\/\"},{\"@type\":\"ListItem\",\"position\":2,\"name\":\"Przydatne linki\"}]},{\"@type\":\"WebSite\",\"@id\":\"https:\\\/\\\/kancelariajp.pl\\\/#website\",\"url\":\"https:\\\/\\\/kancelariajp.pl\\\/\",\"name\":\"Kancelaria Radcy Prawnego Anna Ponenta\",\"description\":\"Kancelaria Radcy Prawnego Anna Ponenta\",\"publisher\":{\"@id\":\"https:\\\/\\\/kancelariajp.pl\\\/#organization\"},\"potentialAction\":[{\"@type\":\"SearchAction\",\"target\":{\"@type\":\"EntryPoint\",\"urlTemplate\":\"https:\\\/\\\/kancelariajp.pl\\\/?s={search_term_string}\"},\"query-input\":{\"@type\":\"PropertyValueSpecification\",\"valueRequired\":true,\"valueName\":\"search_term_string\"}}],\"inLanguage\":\"pl-PL\"},{\"@type\":\"Organization\",\"@id\":\"https:\\\/\\\/kancelariajp.pl\\\/#organization\",\"name\":\"Kancelaria Radcy Prawnego Anna Ponenta\",\"url\":\"https:\\\/\\\/kancelariajp.pl\\\/\",\"logo\":{\"@type\":\"ImageObject\",\"inLanguage\":\"pl-PL\",\"@id\":\"https:\\\/\\\/kancelariajp.pl\\\/#\\\/schema\\\/logo\\\/image\\\/\",\"url\":\"https:\\\/\\\/kancelariajp.pl\\\/wp-content\\\/uploads\\\/2023\\\/07\\\/cropped-AnnaP.png\",\"contentUrl\":\"https:\\\/\\\/kancelariajp.pl\\\/wp-content\\\/uploads\\\/2023\\\/07\\\/cropped-AnnaP.png\",\"width\":731,\"height\":208,\"caption\":\"Kancelaria Radcy Prawnego Anna Ponenta\"},\"image\":{\"@id\":\"https:\\\/\\\/kancelariajp.pl\\\/#\\\/schema\\\/logo\\\/image\\\/\"}}]}<\/script>\n<!-- \/ Yoast SEO plugin. -->","yoast_head_json":{"title":"Przydatne linki - Kancelaria Radcy Prawnego Anna Ponenta","robots":{"index":"index","follow":"follow","max-snippet":"max-snippet:-1","max-image-preview":"max-image-preview:large","max-video-preview":"max-video-preview:-1"},"canonical":"https:\/\/kancelariajp.pl\/?page_id=39","og_locale":"pl_PL","og_type":"article","og_title":"Przydatne linki - Kancelaria Radcy Prawnego Anna Ponenta","og_description":"Rejestr Adwokat\u00f3w: http:\/\/www.rejestradwokatow.pl\/KraiaaRejestr Radc\u00f3w Prawnych: http:\/\/www.kirp.pl\/Wyszukiwarka-RadcowRejestr Notariuszy: www.notariusze.waw.pl S\u0105dy powszechne:S\u0105d Najwy\u017cszy: www.sn.plS\u0105d Apelacyjny w Warszawie http:\/\/www.waw.sa.gov.pl\/S\u0105d Okr\u0119gowy w Warszawie http:\/\/warszawa.so.gov.pl\/S\u0105d Okr\u0119gowy Warszawa Praga w Warszawie http:\/\/www.warszawapraga.so.gov.pl\/S\u0105d Rejonowy dla Warszawy-Mokotowa w Warszawie\u00a0 http:\/\/warszawa.so.gov.pl\/sad-rejonowy-dla-warszawy-mokotowa.html S\u0105d Rejonowy dla miasta sto\u0142ecznego Warszawy w Warszawie http:\/\/warszawa.so.gov.pl\/sad-rejonowy-dla-m-st-warszawy.html S\u0105d Rejonowy dla Warszawy-\u015ar\u00f3dmie\u015bcia w Warszawie http:\/\/warszawa.so.gov.pl\/sad-rejonowy-dla-warszawy-srodmiescia.html S\u0105d Rejonowy dla Warszawy-Woli w Warszawie\u00a0 http:\/\/warszawa.so.gov.pl\/sad-rejonowy-dla-warszawy-woli.html [&hellip;]","og_url":"https:\/\/kancelariajp.pl\/?page_id=39","og_site_name":"Kancelaria Radcy Prawnego Anna Ponenta","article_modified_time":"2023-07-27T01:13:35+00:00","twitter_card":"summary_large_image","twitter_misc":{"Szacowany czas czytania":"1 minuta"},"schema":{"@context":"https:\/\/schema.org","@graph":[{"@type":"WebPage","@id":"https:\/\/kancelariajp.pl\/?page_id=39","url":"https:\/\/kancelariajp.pl\/?page_id=39","name":"Przydatne linki - Kancelaria Radcy Prawnego Anna Ponenta","isPartOf":{"@id":"https:\/\/kancelariajp.pl\/#website"},"datePublished":"2023-07-27T01:13:34+00:00","dateModified":"2023-07-27T01:13:35+00:00","breadcrumb":{"@id":"https:\/\/kancelariajp.pl\/?page_id=39#breadcrumb"},"inLanguage":"pl-PL","potentialAction":[{"@type":"ReadAction","target":["https:\/\/kancelariajp.pl\/?page_id=39"]}]},{"@type":"BreadcrumbList","@id":"https:\/\/kancelariajp.pl\/?page_id=39#breadcrumb","itemListElement":[{"@type":"ListItem","position":1,"name":"Home","item":"https:\/\/kancelariajp.pl\/"},{"@type":"ListItem","position":2,"name":"Przydatne linki"}]},{"@type":"WebSite","@id":"https:\/\/kancelariajp.pl\/#website","url":"https:\/\/kancelariajp.pl\/","name":"Kancelaria Radcy Prawnego Anna Ponenta","description":"Kancelaria Radcy Prawnego Anna Ponenta","publisher":{"@id":"https:\/\/kancelariajp.pl\/#organization"},"potentialAction":[{"@type":"SearchAction","target":{"@type":"EntryPoint","urlTemplate":"https:\/\/kancelariajp.pl\/?s={search_term_string}"},"query-input":{"@type":"PropertyValueSpecification","valueRequired":true,"valueName":"search_term_string"}}],"inLanguage":"pl-PL"},{"@type":"Organization","@id":"https:\/\/kancelariajp.pl\/#organization","name":"Kancelaria Radcy Prawnego Anna Ponenta","url":"https:\/\/kancelariajp.pl\/","logo":{"@type":"ImageObject","inLanguage":"pl-PL","@id":"https:\/\/kancelariajp.pl\/#\/schema\/logo\/image\/","url":"https:\/\/kancelariajp.pl\/wp-content\/uploads\/2023\/07\/cropped-AnnaP.png","contentUrl":"https:\/\/kancelariajp.pl\/wp-content\/uploads\/2023\/07\/cropped-AnnaP.png","width":731,"height":208,"caption":"Kancelaria Radcy Prawnego Anna Ponenta"},"image":{"@id":"https:\/\/kancelariajp.pl\/#\/schema\/logo\/image\/"}}]}},"_links":{"self":[{"href":"https:\/\/kancelariajp.pl\/index.php?rest_route=\/wp\/v2\/pages\/39","targetHints":{"allow":["GET"]}}],"collection":[{"href":"https:\/\/kancelariajp.pl\/index.php?rest_route=\/wp\/v2\/pages"}],"about":[{"href":"https:\/\/kancelariajp.pl\/index.php?rest_route=\/wp\/v2\/types\/page"}],"author":[{"embeddable":true,"href":"https:\/\/kancelariajp.pl\/index.php?rest_route=\/wp\/v2\/users\/1"}],"replies":[{"embeddable":true,"href":"https:\/\/kancelariajp.pl\/index.php?rest_route=%2Fwp%2Fv2%2Fcomments&post=39"}],"version-history":[{"count":1,"href":"https:\/\/kancelariajp.pl\/index.php?rest_route=\/wp\/v2\/pages\/39\/revisions"}],"predecessor-version":[{"id":40,"href":"https:\/\/kancelariajp.pl\/index.php?rest_route=\/wp\/v2\/pages\/39\/revisions\/40"}],"wp:attachment":[{"href":"https:\/\/kancelariajp.pl\/index.php?rest_route=%2Fwp%2Fv2%2Fmedia&parent=39"}],"curies":[{"name":"wp","href":"https:\/\/api.w.org\/{rel}","templated":true}]}}