{"id":33,"date":"2023-07-27T02:51:24","date_gmt":"2023-07-27T00:51:24","guid":{"rendered":"https:\/\/kancelariajp.pl\/?p=10\/?page_id=33"},"modified":"2023-07-28T02:11:04","modified_gmt":"2023-07-28T00:11:04","slug":"zakres-swiadczonych-uslug","status":"publish","type":"page","link":"https:\/\/kancelariajp.pl\/?page_id=33","title":{"rendered":"Zakres \u015bwiadczonych us\u0142ug"},"content":{"rendered":"\n<p>Zakres \u015bwiadczonych us\u0142ug obejmuje w szczeg\u00f3lno\u015bci:<\/p>\n\n\n\n<p><br><strong>Obr\u00f3t nieruchomo\u015bciami oraz prawo budowlane<\/strong><\/p>\n\n\n\n<ul class=\"wp-block-list\">\n<li>Przeprowadzanie analizy stanu prawnego nieruchomo\u015bci.<\/li>\n\n\n\n<li>Obs\u0142uga prawna transakcji sprzeda\u017cy nieruchomo\u015bci.<\/li>\n\n\n\n<li>Aktualizacja wpis\u00f3w w ksi\u0119gach wieczystych nieruchomo\u015bci.<\/li>\n\n\n\n<li>Przygotowywanie i negocjowanie um\u00f3w najmu budynk\u00f3w i lokali.<\/li>\n\n\n\n<li>Przygotowywanie i negocjowanie um\u00f3w dzier\u017cawy nieruchomo\u015bci i rzeczy ruchomych.<\/li>\n\n\n\n<li>Kompleksowa obs\u0142uga prawna realizacji inwestycji budowlanych.<\/li>\n\n\n\n<li>Prowadzenie post\u0119powa\u0144 reprywatyzacyjnych b\u0105d\u017a odszkodowawczych.<\/li>\n\n\n\n<li>Przygotowywanie i negocjowanie um\u00f3w sprzeda\u017cy (w tym r\u00f3wnie\u017c przedwst\u0119pnych i warunkowych) nieruchomo\u015bci.<\/li>\n<\/ul>\n\n\n\n<p><br><strong>Sp\u00f3\u0142ki i prawo handlowe<\/strong><\/p>\n\n\n\n<ul class=\"wp-block-list\">\n<li>Obs\u0142uga prawna tworzenia, \u0142\u0105czenia, przekszta\u0142cania, przejmowania i likwidacji sp\u00f3\u0142ek handlowych.<\/li>\n\n\n\n<li>Obs\u0142uga prawna transakcji sprzeda\u017cy udzia\u0142\u00f3w, akcji, przedsi\u0119biorstw, sk\u0142adnik\u00f3w maj\u0105tku podmiot\u00f3w gospodarczych.<\/li>\n\n\n\n<li>Sporz\u0105dzanie opinii prawnych dotycz\u0105cych transakcji ju\u017c dokonanych.<\/li>\n\n\n\n<li>Zmiany struktury kapita\u0142owej sp\u00f3\u0142ek.<\/li>\n\n\n\n<li>Zmiany wysoko\u015bci kapita\u0142u zak\u0142adowego lub akcyjnego.<\/li>\n\n\n\n<li>Obs\u0142uga prawna procesu przekszta\u0142cenia sp\u00f3\u0142ek.<\/li>\n\n\n\n<li>Obs\u0142uga prawna czynno\u015bci dokonywanych przez w\u0142adze sp\u00f3\u0142ek, w tym min. ustanawianie prokury, przygotowywanie dokument\u00f3w prawnych i obs\u0142uga zgromadze\u0144 wsp\u00f3lnik\u00f3w i walnych zgromadze\u0144 akcjonariuszy.<\/li>\n\n\n\n<li>Przygotowywanie projekt\u00f3w kontakt\u00f3w menad\u017cerskich oraz konsultacje w tym zakresie.<\/li>\n\n\n\n<li>Uzyskiwanie zezwole\u0144 i koncesji.<\/li>\n<\/ul>\n\n\n\n<p><br><strong>Przygotowywanie i negocjowanie kontrakt\u00f3w<\/strong><\/p>\n\n\n\n<ul class=\"wp-block-list\">\n<li>Przygotowywanie um\u00f3w przedwst\u0119pnych, ramowych oraz og\u00f3lnych warunk\u00f3w um\u00f3w.<\/li>\n\n\n\n<li>Projektowanie um\u00f3w nienazwanych.<\/li>\n\n\n\n<li>Rozwi\u0105zywanie bie\u017c\u0105cych problem\u00f3w zwi\u0105zanych z zawieraniem i wykonywaniem um\u00f3w.<\/li>\n\n\n\n<li>Opiniowanie um\u00f3w ju\u017c zawartych i negocjowanych.<\/li>\n\n\n\n<li>Przygotowywanie i weryfikacja um\u00f3w po\u015brednictwa w obrocie nieruchomo\u015bciami.<\/li>\n<\/ul>\n\n\n\n<p><br><strong>Rozwi\u0105zywanie spor\u00f3w i mediacje<\/strong><\/p>\n\n\n\n<ul class=\"wp-block-list\">\n<li>Prowadzenie post\u0119powa\u0144 przeds\u0105dowych.<\/li>\n\n\n\n<li>Reprezentacja klient\u00f3w przed s\u0105dami powszechnymi, S\u0105dem Najwy\u017cszym i s\u0105dami polubownymi.<\/li>\n\n\n\n<li>Udzia\u0142 w negocjacjach, spotkaniach ugodowych.<\/li>\n\n\n\n<li>Przygotowywanie opinii prawnych.<\/li>\n\n\n\n<li>Doradztwo i reprezentacja w post\u0119powaniach egzekucyjnych.<\/li>\n\n\n\n<li>Post\u0119powanie arbitra\u017cowe.<\/li>\n<\/ul>\n\n\n\n<p><br><strong>Windykacja nale\u017cno\u015bci:<\/strong><\/p>\n\n\n\n<ul class=\"wp-block-list\">\n<li>konsultacja i analiza dokument\u00f3w <\/li>\n\n\n\n<li>kierowanie do d\u0142u\u017cnika\u00a0wezwania do zap\u0142aty<\/li>\n\n\n\n<li>reprezentacja\u00a0w post\u0119powaniu s\u0105dowym i egzekucyjnym\u00a0w\u00a0sporach o zap\u0142at\u0119\u00a0przed<br>s\u0105dami wszystkich instancji i organami egzekucyjnymi<\/li>\n\n\n\n<li>pr\u00f3by pozas\u0105dowego sposobu rozwi\u0105zania sporu, negocjacje przeds\u0105dowe,<br>podpisanie\u00a0ugody pozas\u0105dowej<\/li>\n\n\n\n<li>zaopatrzenie tytu\u0142u egzekucyjnego w klauzul\u0119 wykonalno\u015bci<\/li>\n\n\n\n<li>sporz\u0105dzenie wniosku o wszcz\u0119cie post\u0119powania egzekucyjnego<\/li>\n\n\n\n<li>nakazanie d\u0142u\u017cnikowi wyjawienie maj\u0105tku<\/li>\n\n\n\n<li>skarga na czynno\u015bci komornika<\/li>\n<\/ul>\n\n\n\n<p><br><strong>Sprawy z zakresu prawa rodzinnego i opieku\u0144czego, w szczeg\u00f3lno\u015bci:<\/strong><\/p>\n\n\n\n<ul class=\"wp-block-list\">\n<li>rozw\u00f3d\u00a0i separacja<\/li>\n\n\n\n<li>alimenty\u00a0<\/li>\n\n\n\n<li>kontakty z dzieckiem\u00a0(ustalenie, ograniczenie, zakazanie kontakt\u00f3w z dzieckiem)<\/li>\n\n\n\n<li>powierzenie wykonywania, pozbawienie, ograniczenie, zawieszenie lub przywr\u00f3cenie\u00a0w\u0142adzy rodzicielskiej\u00a0oraz odebranie dziecka<\/li>\n\n\n\n<li>ustalenie\u00a0ojcostwa, zaprzeczenie ojcostwa<\/li>\n\n\n\n<li>rozstrzygni\u0119cie w istotnych sprawach rodziny lub co do zarz\u0105du maj\u0105tkiem wsp\u00f3lnym<\/li>\n\n\n\n<li>ubezw\u0142asnowolnienie<\/li>\n\n\n\n<li>ustanowienie\u00a0rozdzielno\u015bci maj\u0105tkowej\u00a0mi\u0119dzy ma\u0142\u017conkami\u00a0(w tym z dat\u0105 wsteczn\u0105)<\/li>\n\n\n\n<li>podzia\u0142 maj\u0105tku\u00a0wsp\u00f3lnego mi\u0119dzy ma\u0142\u017conkami<\/li>\n<\/ul>\n\n\n\n<p><\/p>\n\n\n\n<p><strong>Sprawy z zakresu prawa karnego oraz sprawy o wykroczenia:<\/strong><\/p>\n\n\n\n<ul class=\"wp-block-list\">\n<li>obrona oskar\u017conego\u00a0przed s\u0105dem we wszystkich instancjach<\/li>\n\n\n\n<li>obrona obwinionego w post\u0119powaniu wykroczeniowym<\/li>\n\n\n\n<li>reprezentowanie pokrzywdzonego w post\u0119powaniu karnym<\/li>\n\n\n\n<li>sporz\u0105dzanie na zlecenie pokrzywdzonego zawiadomienia o mo\u017cliwo\u015bci pope\u0142nienia przest\u0119pstwa, aktu oskar\u017cenia i innych pism<\/li>\n\n\n\n<li>przeprowadzanie analizy akt sprawy<\/li>\n\n\n\n<li>sporz\u0105dzanie pism procesowych, wniosk\u00f3w dowodowych,\u00a0apelacji, kasacji<\/li>\n\n\n\n<li>udzielanie porad prawnych z zakresu prawa karnego<\/li>\n<\/ul>\n","protected":false},"excerpt":{"rendered":"<p>Zakres \u015bwiadczonych us\u0142ug obejmuje w szczeg\u00f3lno\u015bci: Obr\u00f3t nieruchomo\u015bciami oraz prawo budowlane Sp\u00f3\u0142ki i prawo handlowe Przygotowywanie i negocjowanie kontrakt\u00f3w Rozwi\u0105zywanie spor\u00f3w i mediacje Windykacja nale\u017cno\u015bci: Sprawy z zakresu prawa rodzinnego i opieku\u0144czego, w szczeg\u00f3lno\u015bci: Sprawy z zakresu prawa karnego oraz sprawy o wykroczenia:<\/p>\n","protected":false},"author":1,"featured_media":0,"parent":6,"menu_order":0,"comment_status":"closed","ping_status":"closed","template":"","meta":{"footnotes":""},"class_list":["post-33","page","type-page","status-publish","hentry"],"yoast_head":"<!-- This site is optimized with the Yoast SEO plugin v27.4 - https:\/\/yoast.com\/product\/yoast-seo-wordpress\/ -->\n<title>Zakres \u015bwiadczonych us\u0142ug - Kancelaria Radcy Prawnego Anna Ponenta<\/title>\n<meta name=\"robots\" content=\"index, follow, max-snippet:-1, max-image-preview:large, max-video-preview:-1\" \/>\n<link rel=\"canonical\" href=\"https:\/\/kancelariajp.pl\/?page_id=33\" \/>\n<meta property=\"og:locale\" content=\"pl_PL\" \/>\n<meta property=\"og:type\" content=\"article\" \/>\n<meta property=\"og:title\" content=\"Zakres \u015bwiadczonych us\u0142ug - Kancelaria Radcy Prawnego Anna Ponenta\" \/>\n<meta property=\"og:description\" content=\"Zakres \u015bwiadczonych us\u0142ug obejmuje w szczeg\u00f3lno\u015bci: Obr\u00f3t nieruchomo\u015bciami oraz prawo budowlane Sp\u00f3\u0142ki i prawo handlowe Przygotowywanie i negocjowanie kontrakt\u00f3w Rozwi\u0105zywanie spor\u00f3w i mediacje Windykacja nale\u017cno\u015bci: Sprawy z zakresu prawa rodzinnego i opieku\u0144czego, w szczeg\u00f3lno\u015bci: Sprawy z zakresu prawa karnego oraz sprawy o wykroczenia:\" \/>\n<meta property=\"og:url\" content=\"https:\/\/kancelariajp.pl\/?page_id=33\" \/>\n<meta property=\"og:site_name\" content=\"Kancelaria Radcy Prawnego Anna Ponenta\" \/>\n<meta property=\"article:modified_time\" content=\"2023-07-28T00:11:04+00:00\" \/>\n<meta name=\"twitter:card\" content=\"summary_large_image\" \/>\n<meta name=\"twitter:label1\" content=\"Szacowany czas czytania\" \/>\n\t<meta name=\"twitter:data1\" content=\"3 minuty\" \/>\n<script type=\"application\/ld+json\" class=\"yoast-schema-graph\">{\"@context\":\"https:\\\/\\\/schema.org\",\"@graph\":[{\"@type\":\"WebPage\",\"@id\":\"https:\\\/\\\/kancelariajp.pl\\\/?page_id=33\",\"url\":\"https:\\\/\\\/kancelariajp.pl\\\/?page_id=33\",\"name\":\"Zakres \u015bwiadczonych us\u0142ug - Kancelaria Radcy Prawnego Anna Ponenta\",\"isPartOf\":{\"@id\":\"https:\\\/\\\/kancelariajp.pl\\\/#website\"},\"datePublished\":\"2023-07-27T00:51:24+00:00\",\"dateModified\":\"2023-07-28T00:11:04+00:00\",\"breadcrumb\":{\"@id\":\"https:\\\/\\\/kancelariajp.pl\\\/?page_id=33#breadcrumb\"},\"inLanguage\":\"pl-PL\",\"potentialAction\":[{\"@type\":\"ReadAction\",\"target\":[\"https:\\\/\\\/kancelariajp.pl\\\/?page_id=33\"]}]},{\"@type\":\"BreadcrumbList\",\"@id\":\"https:\\\/\\\/kancelariajp.pl\\\/?page_id=33#breadcrumb\",\"itemListElement\":[{\"@type\":\"ListItem\",\"position\":1,\"name\":\"Home\",\"item\":\"https:\\\/\\\/kancelariajp.pl\\\/\"},{\"@type\":\"ListItem\",\"position\":2,\"name\":\"Kancelaria Radcy Prawnego Anna Ponenta\",\"item\":\"https:\\\/\\\/kancelariajp.pl\\\/\"},{\"@type\":\"ListItem\",\"position\":3,\"name\":\"Zakres \u015bwiadczonych us\u0142ug\"}]},{\"@type\":\"WebSite\",\"@id\":\"https:\\\/\\\/kancelariajp.pl\\\/#website\",\"url\":\"https:\\\/\\\/kancelariajp.pl\\\/\",\"name\":\"Kancelaria Radcy Prawnego Anna Ponenta\",\"description\":\"Kancelaria Radcy Prawnego Anna Ponenta\",\"publisher\":{\"@id\":\"https:\\\/\\\/kancelariajp.pl\\\/#organization\"},\"potentialAction\":[{\"@type\":\"SearchAction\",\"target\":{\"@type\":\"EntryPoint\",\"urlTemplate\":\"https:\\\/\\\/kancelariajp.pl\\\/?s={search_term_string}\"},\"query-input\":{\"@type\":\"PropertyValueSpecification\",\"valueRequired\":true,\"valueName\":\"search_term_string\"}}],\"inLanguage\":\"pl-PL\"},{\"@type\":\"Organization\",\"@id\":\"https:\\\/\\\/kancelariajp.pl\\\/#organization\",\"name\":\"Kancelaria Radcy Prawnego Anna Ponenta\",\"url\":\"https:\\\/\\\/kancelariajp.pl\\\/\",\"logo\":{\"@type\":\"ImageObject\",\"inLanguage\":\"pl-PL\",\"@id\":\"https:\\\/\\\/kancelariajp.pl\\\/#\\\/schema\\\/logo\\\/image\\\/\",\"url\":\"https:\\\/\\\/kancelariajp.pl\\\/wp-content\\\/uploads\\\/2023\\\/07\\\/cropped-AnnaP.png\",\"contentUrl\":\"https:\\\/\\\/kancelariajp.pl\\\/wp-content\\\/uploads\\\/2023\\\/07\\\/cropped-AnnaP.png\",\"width\":731,\"height\":208,\"caption\":\"Kancelaria Radcy Prawnego Anna Ponenta\"},\"image\":{\"@id\":\"https:\\\/\\\/kancelariajp.pl\\\/#\\\/schema\\\/logo\\\/image\\\/\"}}]}<\/script>\n<!-- \/ Yoast SEO plugin. -->","yoast_head_json":{"title":"Zakres \u015bwiadczonych us\u0142ug - Kancelaria Radcy Prawnego Anna Ponenta","robots":{"index":"index","follow":"follow","max-snippet":"max-snippet:-1","max-image-preview":"max-image-preview:large","max-video-preview":"max-video-preview:-1"},"canonical":"https:\/\/kancelariajp.pl\/?page_id=33","og_locale":"pl_PL","og_type":"article","og_title":"Zakres \u015bwiadczonych us\u0142ug - Kancelaria Radcy Prawnego Anna Ponenta","og_description":"Zakres \u015bwiadczonych us\u0142ug obejmuje w szczeg\u00f3lno\u015bci: Obr\u00f3t nieruchomo\u015bciami oraz prawo budowlane Sp\u00f3\u0142ki i prawo handlowe Przygotowywanie i negocjowanie kontrakt\u00f3w Rozwi\u0105zywanie spor\u00f3w i mediacje Windykacja nale\u017cno\u015bci: Sprawy z zakresu prawa rodzinnego i opieku\u0144czego, w szczeg\u00f3lno\u015bci: Sprawy z zakresu prawa karnego oraz sprawy o wykroczenia:","og_url":"https:\/\/kancelariajp.pl\/?page_id=33","og_site_name":"Kancelaria Radcy Prawnego Anna Ponenta","article_modified_time":"2023-07-28T00:11:04+00:00","twitter_card":"summary_large_image","twitter_misc":{"Szacowany czas czytania":"3 minuty"},"schema":{"@context":"https:\/\/schema.org","@graph":[{"@type":"WebPage","@id":"https:\/\/kancelariajp.pl\/?page_id=33","url":"https:\/\/kancelariajp.pl\/?page_id=33","name":"Zakres \u015bwiadczonych us\u0142ug - Kancelaria Radcy Prawnego Anna Ponenta","isPartOf":{"@id":"https:\/\/kancelariajp.pl\/#website"},"datePublished":"2023-07-27T00:51:24+00:00","dateModified":"2023-07-28T00:11:04+00:00","breadcrumb":{"@id":"https:\/\/kancelariajp.pl\/?page_id=33#breadcrumb"},"inLanguage":"pl-PL","potentialAction":[{"@type":"ReadAction","target":["https:\/\/kancelariajp.pl\/?page_id=33"]}]},{"@type":"BreadcrumbList","@id":"https:\/\/kancelariajp.pl\/?page_id=33#breadcrumb","itemListElement":[{"@type":"ListItem","position":1,"name":"Home","item":"https:\/\/kancelariajp.pl\/"},{"@type":"ListItem","position":2,"name":"Kancelaria Radcy Prawnego Anna Ponenta","item":"https:\/\/kancelariajp.pl\/"},{"@type":"ListItem","position":3,"name":"Zakres \u015bwiadczonych us\u0142ug"}]},{"@type":"WebSite","@id":"https:\/\/kancelariajp.pl\/#website","url":"https:\/\/kancelariajp.pl\/","name":"Kancelaria Radcy Prawnego Anna Ponenta","description":"Kancelaria Radcy Prawnego Anna Ponenta","publisher":{"@id":"https:\/\/kancelariajp.pl\/#organization"},"potentialAction":[{"@type":"SearchAction","target":{"@type":"EntryPoint","urlTemplate":"https:\/\/kancelariajp.pl\/?s={search_term_string}"},"query-input":{"@type":"PropertyValueSpecification","valueRequired":true,"valueName":"search_term_string"}}],"inLanguage":"pl-PL"},{"@type":"Organization","@id":"https:\/\/kancelariajp.pl\/#organization","name":"Kancelaria Radcy Prawnego Anna Ponenta","url":"https:\/\/kancelariajp.pl\/","logo":{"@type":"ImageObject","inLanguage":"pl-PL","@id":"https:\/\/kancelariajp.pl\/#\/schema\/logo\/image\/","url":"https:\/\/kancelariajp.pl\/wp-content\/uploads\/2023\/07\/cropped-AnnaP.png","contentUrl":"https:\/\/kancelariajp.pl\/wp-content\/uploads\/2023\/07\/cropped-AnnaP.png","width":731,"height":208,"caption":"Kancelaria Radcy Prawnego Anna Ponenta"},"image":{"@id":"https:\/\/kancelariajp.pl\/#\/schema\/logo\/image\/"}}]}},"_links":{"self":[{"href":"https:\/\/kancelariajp.pl\/index.php?rest_route=\/wp\/v2\/pages\/33","targetHints":{"allow":["GET"]}}],"collection":[{"href":"https:\/\/kancelariajp.pl\/index.php?rest_route=\/wp\/v2\/pages"}],"about":[{"href":"https:\/\/kancelariajp.pl\/index.php?rest_route=\/wp\/v2\/types\/page"}],"author":[{"embeddable":true,"href":"https:\/\/kancelariajp.pl\/index.php?rest_route=\/wp\/v2\/users\/1"}],"replies":[{"embeddable":true,"href":"https:\/\/kancelariajp.pl\/index.php?rest_route=%2Fwp%2Fv2%2Fcomments&post=33"}],"version-history":[{"count":2,"href":"https:\/\/kancelariajp.pl\/index.php?rest_route=\/wp\/v2\/pages\/33\/revisions"}],"predecessor-version":[{"id":36,"href":"https:\/\/kancelariajp.pl\/index.php?rest_route=\/wp\/v2\/pages\/33\/revisions\/36"}],"up":[{"embeddable":true,"href":"https:\/\/kancelariajp.pl\/index.php?rest_route=\/wp\/v2\/pages\/6"}],"wp:attachment":[{"href":"https:\/\/kancelariajp.pl\/index.php?rest_route=%2Fwp%2Fv2%2Fmedia&parent=33"}],"curies":[{"name":"wp","href":"https:\/\/api.w.org\/{rel}","templated":true}]}}